{"id":766,"date":"2025-05-03T09:48:36","date_gmt":"2025-05-03T09:48:36","guid":{"rendered":"https:\/\/sayedwood.com\/?post_type=product&#038;p=766"},"modified":"2025-05-06T01:53:24","modified_gmt":"2025-05-06T01:53:24","slug":"panel-mural-taikang","status":"publish","type":"product","link":"https:\/\/sayedwood.com\/es\/product\/panel-mural-taikang\/","title":{"rendered":"panel mural taikang"},"content":{"rendered":"<p>*. Protecci\u00f3n medioambiental y salud - El bamb\u00fa natural y las fibras de madera, como materias primas, cumplen las normas medioambientales nacionales.<br \/>\n*. Cero formaldeh\u00eddo - No contienen sustancias nocivas como el formaldeh\u00eddo y es inofensivo para la salud humana.<br \/>\n*. Insonorizaci\u00f3n - Excelente efecto de aislamiento ac\u00fastico y reduce eficazmente el ruido interior.<br \/>\n*. Ign\u00edfugo - Buena resistencia al fuego e ign\u00edfugo, reduciendo eficazmente el riesgo de incendio,<br \/>\n*. Impermeable y a prueba de humedad - paneles de pared WPC no decaer o moho en ambientes h\u00famedos.<br \/>\n*. Prevenci\u00f3n de insectos - Resistente a insectos y termitas, elimina eficazmente la infestaci\u00f3n de insectos.<br \/>\n*. F\u00e1cil de limpiar - La limpieza y el mantenimiento tambi\u00e9n son muy sencillos, basta con pasar un pa\u00f1o con agua.<br \/>\n*. F\u00e1cil de instalar<img fetchpriority=\"high\" decoding=\"async\" class=\"alignnone size-full wp-image-773\" src=\"https:\/\/sayedwood.com\/wp-content\/uploads\/panel-1.jpg\" alt=\"\" width=\"1000\" height=\"510\" title=\"\" srcset=\"https:\/\/sayedwood.com\/wp-content\/uploads\/panel-1.jpg 1000w, https:\/\/sayedwood.com\/wp-content\/uploads\/panel-1-768x392.jpg 768w, https:\/\/sayedwood.com\/wp-content\/uploads\/panel-1-18x9.jpg 18w, https:\/\/sayedwood.com\/wp-content\/uploads\/panel-1-600x306.jpg 600w\" sizes=\"(max-width: 1000px) 100vw, 1000px\" \/> <img decoding=\"async\" class=\"alignnone size-full wp-image-774\" src=\"https:\/\/sayedwood.com\/wp-content\/uploads\/panel-2.jpg\" alt=\"\" width=\"1000\" height=\"510\" title=\"\" srcset=\"https:\/\/sayedwood.com\/wp-content\/uploads\/panel-2.jpg 1000w, https:\/\/sayedwood.com\/wp-content\/uploads\/panel-2-768x392.jpg 768w, https:\/\/sayedwood.com\/wp-content\/uploads\/panel-2-18x9.jpg 18w, https:\/\/sayedwood.com\/wp-content\/uploads\/panel-2-600x306.jpg 600w\" sizes=\"(max-width: 1000px) 100vw, 1000px\" \/> <img decoding=\"async\" class=\"alignnone size-full wp-image-775\" src=\"https:\/\/sayedwood.com\/wp-content\/uploads\/panel-3.jpg\" alt=\"\" width=\"1000\" height=\"774\" title=\"\" srcset=\"https:\/\/sayedwood.com\/wp-content\/uploads\/panel-3.jpg 1000w, https:\/\/sayedwood.com\/wp-content\/uploads\/panel-3-768x594.jpg 768w, https:\/\/sayedwood.com\/wp-content\/uploads\/panel-3-16x12.jpg 16w, https:\/\/sayedwood.com\/wp-content\/uploads\/panel-3-600x464.jpg 600w\" sizes=\"(max-width: 1000px) 100vw, 1000px\" \/> <img loading=\"lazy\" decoding=\"async\" class=\"alignnone size-full wp-image-776\" src=\"https:\/\/sayedwood.com\/wp-content\/uploads\/panel-4.jpg\" alt=\"\" width=\"1000\" height=\"510\" title=\"\" srcset=\"https:\/\/sayedwood.com\/wp-content\/uploads\/panel-4.jpg 1000w, https:\/\/sayedwood.com\/wp-content\/uploads\/panel-4-768x392.jpg 768w, https:\/\/sayedwood.com\/wp-content\/uploads\/panel-4-18x9.jpg 18w, https:\/\/sayedwood.com\/wp-content\/uploads\/panel-4-600x306.jpg 600w\" sizes=\"(max-width: 1000px) 100vw, 1000px\" \/> <img loading=\"lazy\" decoding=\"async\" class=\"alignnone size-full wp-image-777\" src=\"https:\/\/sayedwood.com\/wp-content\/uploads\/panel-5.jpg\" alt=\"\" width=\"1000\" height=\"950\" title=\"\" srcset=\"https:\/\/sayedwood.com\/wp-content\/uploads\/panel-5.jpg 1000w, https:\/\/sayedwood.com\/wp-content\/uploads\/panel-5-768x730.jpg 768w, https:\/\/sayedwood.com\/wp-content\/uploads\/panel-5-13x12.jpg 13w, https:\/\/sayedwood.com\/wp-content\/uploads\/panel-5-600x570.jpg 600w\" sizes=\"(max-width: 1000px) 100vw, 1000px\" \/> <img loading=\"lazy\" decoding=\"async\" class=\"alignnone size-full wp-image-778\" src=\"https:\/\/sayedwood.com\/wp-content\/uploads\/panel-6.jpg\" alt=\"\" width=\"1000\" height=\"938\" title=\"\" srcset=\"https:\/\/sayedwood.com\/wp-content\/uploads\/panel-6.jpg 1000w, https:\/\/sayedwood.com\/wp-content\/uploads\/panel-6-768x720.jpg 768w, https:\/\/sayedwood.com\/wp-content\/uploads\/panel-6-13x12.jpg 13w, https:\/\/sayedwood.com\/wp-content\/uploads\/panel-6-600x563.jpg 600w\" sizes=\"(max-width: 1000px) 100vw, 1000px\" \/> <img loading=\"lazy\" decoding=\"async\" class=\"alignnone size-full wp-image-779\" src=\"https:\/\/sayedwood.com\/wp-content\/uploads\/panel-7.jpg\" alt=\"\" width=\"1000\" height=\"510\" title=\"\" srcset=\"https:\/\/sayedwood.com\/wp-content\/uploads\/panel-7.jpg 1000w, https:\/\/sayedwood.com\/wp-content\/uploads\/panel-7-768x392.jpg 768w, https:\/\/sayedwood.com\/wp-content\/uploads\/panel-7-18x9.jpg 18w, https:\/\/sayedwood.com\/wp-content\/uploads\/panel-7-600x306.jpg 600w\" sizes=\"(max-width: 1000px) 100vw, 1000px\" \/> <img loading=\"lazy\" decoding=\"async\" class=\"alignnone size-full wp-image-780\" src=\"https:\/\/sayedwood.com\/wp-content\/uploads\/panel-8.jpg\" alt=\"\" width=\"1000\" height=\"510\" title=\"\" srcset=\"https:\/\/sayedwood.com\/wp-content\/uploads\/panel-8.jpg 1000w, https:\/\/sayedwood.com\/wp-content\/uploads\/panel-8-768x392.jpg 768w, https:\/\/sayedwood.com\/wp-content\/uploads\/panel-8-18x9.jpg 18w, https:\/\/sayedwood.com\/wp-content\/uploads\/panel-8-600x306.jpg 600w\" sizes=\"(max-width: 1000px) 100vw, 1000px\" \/> <img loading=\"lazy\" decoding=\"async\" class=\"alignnone size-full wp-image-781\" src=\"https:\/\/sayedwood.com\/wp-content\/uploads\/panel-9.jpg\" alt=\"\" width=\"1000\" height=\"510\" title=\"\" srcset=\"https:\/\/sayedwood.com\/wp-content\/uploads\/panel-9.jpg 1000w, https:\/\/sayedwood.com\/wp-content\/uploads\/panel-9-768x392.jpg 768w, https:\/\/sayedwood.com\/wp-content\/uploads\/panel-9-18x9.jpg 18w, https:\/\/sayedwood.com\/wp-content\/uploads\/panel-9-600x306.jpg 600w\" sizes=\"(max-width: 1000px) 100vw, 1000px\" \/> <img loading=\"lazy\" decoding=\"async\" class=\"alignnone size-full wp-image-782\" src=\"https:\/\/sayedwood.com\/wp-content\/uploads\/panel-10.jpg\" alt=\"\" width=\"1000\" height=\"510\" title=\"\" srcset=\"https:\/\/sayedwood.com\/wp-content\/uploads\/panel-10.jpg 1000w, https:\/\/sayedwood.com\/wp-content\/uploads\/panel-10-768x392.jpg 768w, https:\/\/sayedwood.com\/wp-content\/uploads\/panel-10-18x9.jpg 18w, https:\/\/sayedwood.com\/wp-content\/uploads\/panel-10-600x306.jpg 600w\" sizes=\"(max-width: 1000px) 100vw, 1000px\" \/> <img loading=\"lazy\" decoding=\"async\" class=\"alignnone size-full wp-image-783\" src=\"https:\/\/sayedwood.com\/wp-content\/uploads\/panel-11.jpg\" alt=\"\" width=\"1000\" height=\"846\" title=\"\" srcset=\"https:\/\/sayedwood.com\/wp-content\/uploads\/panel-11.jpg 1000w, https:\/\/sayedwood.com\/wp-content\/uploads\/panel-11-768x650.jpg 768w, https:\/\/sayedwood.com\/wp-content\/uploads\/panel-11-14x12.jpg 14w, https:\/\/sayedwood.com\/wp-content\/uploads\/panel-11-600x508.jpg 600w\" sizes=\"(max-width: 1000px) 100vw, 1000px\" \/> <img loading=\"lazy\" decoding=\"async\" class=\"alignnone size-full wp-image-784\" src=\"https:\/\/sayedwood.com\/wp-content\/uploads\/panel-12.jpg\" alt=\"\" width=\"1000\" height=\"510\" title=\"\" srcset=\"https:\/\/sayedwood.com\/wp-content\/uploads\/panel-12.jpg 1000w, https:\/\/sayedwood.com\/wp-content\/uploads\/panel-12-768x392.jpg 768w, https:\/\/sayedwood.com\/wp-content\/uploads\/panel-12-18x9.jpg 18w, https:\/\/sayedwood.com\/wp-content\/uploads\/panel-12-600x306.jpg 600w\" sizes=\"(max-width: 1000px) 100vw, 1000px\" \/> <img loading=\"lazy\" decoding=\"async\" class=\"alignnone size-full wp-image-785\" src=\"https:\/\/sayedwood.com\/wp-content\/uploads\/panel-13.jpg\" alt=\"\" width=\"1000\" height=\"510\" title=\"\" srcset=\"https:\/\/sayedwood.com\/wp-content\/uploads\/panel-13.jpg 1000w, https:\/\/sayedwood.com\/wp-content\/uploads\/panel-13-768x392.jpg 768w, https:\/\/sayedwood.com\/wp-content\/uploads\/panel-13-18x9.jpg 18w, https:\/\/sayedwood.com\/wp-content\/uploads\/panel-13-600x306.jpg 600w\" sizes=\"(max-width: 1000px) 100vw, 1000px\" \/> <img loading=\"lazy\" decoding=\"async\" class=\"alignnone size-full wp-image-786\" src=\"https:\/\/sayedwood.com\/wp-content\/uploads\/panel-14.jpg\" alt=\"\" width=\"1000\" height=\"510\" title=\"\" srcset=\"https:\/\/sayedwood.com\/wp-content\/uploads\/panel-14.jpg 1000w, https:\/\/sayedwood.com\/wp-content\/uploads\/panel-14-768x392.jpg 768w, https:\/\/sayedwood.com\/wp-content\/uploads\/panel-14-18x9.jpg 18w, https:\/\/sayedwood.com\/wp-content\/uploads\/panel-14-600x306.jpg 600w\" sizes=\"(max-width: 1000px) 100vw, 1000px\" \/><\/p>","protected":false},"excerpt":{"rendered":"<p>*. Protecci\u00f3n medioambiental y salud - El bamb\u00fa natural y las fibras de madera, como materias primas, cumplen las normas medioambientales nacionales.<br \/>\n*. Cero formaldeh\u00eddo - No contienen sustancias nocivas como el formaldeh\u00eddo y es inofensivo para la salud humana.<\/p>","protected":false},"featured_media":789,"template":"","meta":{"site-sidebar-layout":"default","site-content-layout":"","ast-site-content-layout":"default","site-content-style":"default","site-sidebar-style":"default","ast-global-header-display":"","ast-banner-title-visibility":"","ast-main-header-display":"","ast-hfb-above-header-display":"","ast-hfb-below-header-display":"","ast-hfb-mobile-header-display":"","site-post-title":"","ast-breadcrumbs-content":"","ast-featured-img":"","footer-sml-layout":"","ast-disable-related-posts":"","theme-transparent-header-meta":"default","adv-header-id-meta":"","stick-header-meta":"default","header-above-stick-meta":"","header-main-stick-meta":"","header-below-stick-meta":"","astra-migrate-meta-layouts":"set","ast-page-background-enabled":"default","ast-page-background-meta":{"desktop":{"background-color":"var(--ast-global-color-5)","background-image":"","background-repeat":"repeat","background-position":"center center","background-size":"auto","background-attachment":"scroll","background-type":"","background-media":"","overlay-type":"","overlay-color":"","overlay-opacity":"","overlay-gradient":""},"tablet":{"background-color":"","background-image":"","background-repeat":"repeat","background-position":"center center","background-size":"auto","background-attachment":"scroll","background-type":"","background-media":"","overlay-type":"","overlay-color":"","overlay-opacity":"","overlay-gradient":""},"mobile":{"background-color":"","background-image":"","background-repeat":"repeat","background-position":"center center","background-size":"auto","background-attachment":"scroll","background-type":"","background-media":"","overlay-type":"","overlay-color":"","overlay-opacity":"","overlay-gradient":""}},"ast-content-background-meta":{"desktop":{"background-color":"var(--ast-global-color-4)","background-image":"","background-repeat":"repeat","background-position":"center center","background-size":"auto","background-attachment":"scroll","background-type":"","background-media":"","overlay-type":"","overlay-color":"","overlay-opacity":"","overlay-gradient":""},"tablet":{"background-color":"var(--ast-global-color-4)","background-image":"","background-repeat":"repeat","background-position":"center center","background-size":"auto","background-attachment":"scroll","background-type":"","background-media":"","overlay-type":"","overlay-color":"","overlay-opacity":"","overlay-gradient":""},"mobile":{"background-color":"var(--ast-global-color-4)","background-image":"","background-repeat":"repeat","background-position":"center center","background-size":"auto","background-attachment":"scroll","background-type":"","background-media":"","overlay-type":"","overlay-color":"","overlay-opacity":"","overlay-gradient":""}}},"product_brand":[],"product_cat":[64],"product_tag":[],"class_list":{"0":"post-766","1":"product","2":"type-product","3":"status-publish","4":"has-post-thumbnail","6":"product_cat-wall-panels","7":"desktop-align-left","8":"tablet-align-left","9":"mobile-align-left","10":"ast-col-sm-12","11":"ast-article-post","12":"remove-featured-img-padding","13":"ast-width-md-4","14":"ast-archive-post","15":"ast-separate-posts","17":"first","18":"instock","19":"shipping-taxable","20":"product-type-simple"},"_links":{"self":[{"href":"https:\/\/sayedwood.com\/es\/wp-json\/wp\/v2\/product\/766","targetHints":{"allow":["GET"]}}],"collection":[{"href":"https:\/\/sayedwood.com\/es\/wp-json\/wp\/v2\/product"}],"about":[{"href":"https:\/\/sayedwood.com\/es\/wp-json\/wp\/v2\/types\/product"}],"version-history":[{"count":4,"href":"https:\/\/sayedwood.com\/es\/wp-json\/wp\/v2\/product\/766\/revisions"}],"predecessor-version":[{"id":1322,"href":"https:\/\/sayedwood.com\/es\/wp-json\/wp\/v2\/product\/766\/revisions\/1322"}],"wp:featuredmedia":[{"embeddable":true,"href":"https:\/\/sayedwood.com\/es\/wp-json\/wp\/v2\/media\/789"}],"wp:attachment":[{"href":"https:\/\/sayedwood.com\/es\/wp-json\/wp\/v2\/media?parent=766"}],"wp:term":[{"taxonomy":"product_brand","embeddable":true,"href":"https:\/\/sayedwood.com\/es\/wp-json\/wp\/v2\/product_brand?post=766"},{"taxonomy":"product_cat","embeddable":true,"href":"https:\/\/sayedwood.com\/es\/wp-json\/wp\/v2\/product_cat?post=766"},{"taxonomy":"product_tag","embeddable":true,"href":"https:\/\/sayedwood.com\/es\/wp-json\/wp\/v2\/product_tag?post=766"}],"curies":[{"name":"wp","href":"https:\/\/api.w.org\/{rel}","templated":true}]}}