{"id":806,"date":"2025-05-03T09:59:36","date_gmt":"2025-05-03T09:59:36","guid":{"rendered":"https:\/\/sayedwood.com\/?post_type=product&#038;p=806"},"modified":"2025-05-06T01:53:12","modified_gmt":"2025-05-06T01:53:12","slug":"revestimiento-de-paredes-exteriores-e-interiores-tablero-wpc-compuesto-de-madera-plastica-de-alta-calidad","status":"publish","type":"product","link":"https:\/\/sayedwood.com\/es\/product\/revestimiento-de-paredes-exteriores-e-interiores-tablero-wpc-compuesto-de-madera-plastica-de-alta-calidad\/","title":{"rendered":"Tablero de WPC compuesto de madera pl\u00e1stica de alta calidad para paredes exteriores e interiores Claddig"},"content":{"rendered":"<p>Ventajas de los paneles murales de WPC<\/p>\n<p>1. Aspecto y sensaci\u00f3n de madera natural<br \/>\n2. 100% reciclable y respetuoso con el medio ambiente<br \/>\n3. Resistencia a los rayos UV y estabilidad del color<br \/>\n4. Resistente a la intemperie, apto de -40\u00b0C a 60\u00b0C<br \/>\n5. Resistente al agua y a la erosi\u00f3n<br \/>\n6. A prueba de insectos y moho<br \/>\n7. No se agrieta, alabea ni parte<br \/>\n8. Sin pintura, bajo mantenimiento, f\u00e1cil instalaci\u00f3n y limpieza<br \/>\n9. Alta densidad, duradero y firme para una larga vida \u00fatil<\/p>\n<p>Nombre del producto\uff1aPanel de pared WPC<br \/>\nTama\u00f1o\uff1a173*20 mm<br \/>\nLongitud\uff1a2,9 m o personalizada<br \/>\nMarca\uff1aShuotai<br \/>\nUso\uff1aPanel de pared acanalado WPC<br \/>\nColor\uff1aPersonalizado<br \/>\nCertificados\uff1aFSC, CE, CNAS, ISO 9001:2019<br \/>\nVentajas\uff1aImpermeable a la humedad, anticorrosi\u00f3n, antiinsectos, larga vida \u00fatil.<br \/>\nMaterial\uff1aWPC Panel de pared acanalado(45% PVC+ 20% Carbonato c\u00e1lcico + 28% Polvo de madera + 7% Aditivos)<br \/>\nAplicaci\u00f3n\uff1aWidely utilizado en herramientas de mejoras para el hogar, decoraci\u00f3n de tiendas, edificios comerciales, hoteles, decoraci\u00f3n de interiores y as\u00ed sucesivamente.<\/p>\n<p><img fetchpriority=\"high\" decoding=\"async\" class=\"alignnone size-full wp-image-810\" src=\"https:\/\/sayedwood.com\/wp-content\/uploads\/wpc-wal-1.jpg\" alt=\"\" width=\"1080\" height=\"1202\" title=\"\" srcset=\"https:\/\/sayedwood.com\/wp-content\/uploads\/wpc-wal-1.jpg 1080w, https:\/\/sayedwood.com\/wp-content\/uploads\/wpc-wal-1-768x855.jpg 768w, https:\/\/sayedwood.com\/wp-content\/uploads\/wpc-wal-1-11x12.jpg 11w, https:\/\/sayedwood.com\/wp-content\/uploads\/wpc-wal-1-600x668.jpg 600w\" sizes=\"(max-width: 1080px) 100vw, 1080px\" \/> <img decoding=\"async\" class=\"alignnone size-full wp-image-811\" src=\"https:\/\/sayedwood.com\/wp-content\/uploads\/wpc-wal-2.jpg\" alt=\"\" width=\"1080\" height=\"1440\" title=\"\" srcset=\"https:\/\/sayedwood.com\/wp-content\/uploads\/wpc-wal-2.jpg 1080w, https:\/\/sayedwood.com\/wp-content\/uploads\/wpc-wal-2-768x1024.jpg 768w, https:\/\/sayedwood.com\/wp-content\/uploads\/wpc-wal-2-9x12.jpg 9w, https:\/\/sayedwood.com\/wp-content\/uploads\/wpc-wal-2-600x800.jpg 600w\" sizes=\"(max-width: 1080px) 100vw, 1080px\" \/> <img decoding=\"async\" class=\"alignnone size-full wp-image-812\" src=\"https:\/\/sayedwood.com\/wp-content\/uploads\/wpc-wal-3.jpg\" alt=\"\" width=\"1001\" height=\"1352\" title=\"\" srcset=\"https:\/\/sayedwood.com\/wp-content\/uploads\/wpc-wal-3.jpg 1001w, https:\/\/sayedwood.com\/wp-content\/uploads\/wpc-wal-3-768x1037.jpg 768w, https:\/\/sayedwood.com\/wp-content\/uploads\/wpc-wal-3-9x12.jpg 9w, https:\/\/sayedwood.com\/wp-content\/uploads\/wpc-wal-3-600x810.jpg 600w\" sizes=\"(max-width: 1001px) 100vw, 1001px\" \/> <img loading=\"lazy\" decoding=\"async\" class=\"alignnone size-full wp-image-813\" src=\"https:\/\/sayedwood.com\/wp-content\/uploads\/wpc-wal-4.png\" alt=\"\" width=\"1001\" height=\"1193\" title=\"\" srcset=\"https:\/\/sayedwood.com\/wp-content\/uploads\/wpc-wal-4.png 1001w, https:\/\/sayedwood.com\/wp-content\/uploads\/wpc-wal-4-768x915.png 768w, https:\/\/sayedwood.com\/wp-content\/uploads\/wpc-wal-4-10x12.png 10w, https:\/\/sayedwood.com\/wp-content\/uploads\/wpc-wal-4-600x715.png 600w\" sizes=\"(max-width: 1001px) 100vw, 1001px\" \/> <img loading=\"lazy\" decoding=\"async\" class=\"alignnone size-full wp-image-814\" src=\"https:\/\/sayedwood.com\/wp-content\/uploads\/wpc-wal-5.png\" alt=\"\" width=\"750\" height=\"938\" title=\"\" srcset=\"https:\/\/sayedwood.com\/wp-content\/uploads\/wpc-wal-5.png 750w, https:\/\/sayedwood.com\/wp-content\/uploads\/wpc-wal-5-10x12.png 10w, https:\/\/sayedwood.com\/wp-content\/uploads\/wpc-wal-5-600x750.png 600w\" sizes=\"(max-width: 750px) 100vw, 750px\" \/> <img loading=\"lazy\" decoding=\"async\" class=\"alignnone size-full wp-image-815\" src=\"https:\/\/sayedwood.com\/wp-content\/uploads\/wpc-wal-6.png\" alt=\"\" width=\"750\" height=\"735\" title=\"\" srcset=\"https:\/\/sayedwood.com\/wp-content\/uploads\/wpc-wal-6.png 750w, https:\/\/sayedwood.com\/wp-content\/uploads\/wpc-wal-6-12x12.png 12w, https:\/\/sayedwood.com\/wp-content\/uploads\/wpc-wal-6-600x588.png 600w\" sizes=\"(max-width: 750px) 100vw, 750px\" \/> <img loading=\"lazy\" decoding=\"async\" class=\"alignnone size-full wp-image-816\" src=\"https:\/\/sayedwood.com\/wp-content\/uploads\/wpc-wal-7.jpg\" alt=\"\" width=\"640\" height=\"623\" title=\"\" srcset=\"https:\/\/sayedwood.com\/wp-content\/uploads\/wpc-wal-7.jpg 640w, https:\/\/sayedwood.com\/wp-content\/uploads\/wpc-wal-7-12x12.jpg 12w, https:\/\/sayedwood.com\/wp-content\/uploads\/wpc-wal-7-600x584.jpg 600w\" sizes=\"(max-width: 640px) 100vw, 640px\" \/><\/p>","protected":false},"excerpt":{"rendered":"<p>Material\uff1aWPC Panel de pared acanalado(45% PVC+ 20% Carbonato c\u00e1lcico + 28% Polvo de madera + 7% Aditivos)<br \/>\nAplicaci\u00f3n\uff1aWidely utilizado en herramientas de mejoras para el hogar, decoraci\u00f3n de tiendas, edificios comerciales, hoteles, decoraci\u00f3n de interiores y as\u00ed sucesivamente.<\/p>","protected":false},"featured_media":807,"template":"","meta":{"site-sidebar-layout":"default","site-content-layout":"","ast-site-content-layout":"default","site-content-style":"default","site-sidebar-style":"default","ast-global-header-display":"","ast-banner-title-visibility":"","ast-main-header-display":"","ast-hfb-above-header-display":"","ast-hfb-below-header-display":"","ast-hfb-mobile-header-display":"","site-post-title":"","ast-breadcrumbs-content":"","ast-featured-img":"","footer-sml-layout":"","ast-disable-related-posts":"","theme-transparent-header-meta":"default","adv-header-id-meta":"","stick-header-meta":"default","header-above-stick-meta":"","header-main-stick-meta":"","header-below-stick-meta":"","astra-migrate-meta-layouts":"set","ast-page-background-enabled":"default","ast-page-background-meta":{"desktop":{"background-color":"var(--ast-global-color-5)","background-image":"","background-repeat":"repeat","background-position":"center center","background-size":"auto","background-attachment":"scroll","background-type":"","background-media":"","overlay-type":"","overlay-color":"","overlay-opacity":"","overlay-gradient":""},"tablet":{"background-color":"","background-image":"","background-repeat":"repeat","background-position":"center center","background-size":"auto","background-attachment":"scroll","background-type":"","background-media":"","overlay-type":"","overlay-color":"","overlay-opacity":"","overlay-gradient":""},"mobile":{"background-color":"","background-image":"","background-repeat":"repeat","background-position":"center center","background-size":"auto","background-attachment":"scroll","background-type":"","background-media":"","overlay-type":"","overlay-color":"","overlay-opacity":"","overlay-gradient":""}},"ast-content-background-meta":{"desktop":{"background-color":"var(--ast-global-color-4)","background-image":"","background-repeat":"repeat","background-position":"center center","background-size":"auto","background-attachment":"scroll","background-type":"","background-media":"","overlay-type":"","overlay-color":"","overlay-opacity":"","overlay-gradient":""},"tablet":{"background-color":"var(--ast-global-color-4)","background-image":"","background-repeat":"repeat","background-position":"center center","background-size":"auto","background-attachment":"scroll","background-type":"","background-media":"","overlay-type":"","overlay-color":"","overlay-opacity":"","overlay-gradient":""},"mobile":{"background-color":"var(--ast-global-color-4)","background-image":"","background-repeat":"repeat","background-position":"center center","background-size":"auto","background-attachment":"scroll","background-type":"","background-media":"","overlay-type":"","overlay-color":"","overlay-opacity":"","overlay-gradient":""}}},"product_brand":[],"product_cat":[20],"product_tag":[],"class_list":{"0":"post-806","1":"product","2":"type-product","3":"status-publish","4":"has-post-thumbnail","6":"product_cat-wooden-door","7":"desktop-align-left","8":"tablet-align-left","9":"mobile-align-left","10":"ast-col-sm-12","11":"ast-article-post","12":"remove-featured-img-padding","13":"ast-width-md-4","14":"ast-archive-post","15":"ast-separate-posts","17":"first","18":"instock","19":"shipping-taxable","20":"product-type-simple"},"_links":{"self":[{"href":"https:\/\/sayedwood.com\/es\/wp-json\/wp\/v2\/product\/806","targetHints":{"allow":["GET"]}}],"collection":[{"href":"https:\/\/sayedwood.com\/es\/wp-json\/wp\/v2\/product"}],"about":[{"href":"https:\/\/sayedwood.com\/es\/wp-json\/wp\/v2\/types\/product"}],"version-history":[{"count":2,"href":"https:\/\/sayedwood.com\/es\/wp-json\/wp\/v2\/product\/806\/revisions"}],"predecessor-version":[{"id":1321,"href":"https:\/\/sayedwood.com\/es\/wp-json\/wp\/v2\/product\/806\/revisions\/1321"}],"wp:featuredmedia":[{"embeddable":true,"href":"https:\/\/sayedwood.com\/es\/wp-json\/wp\/v2\/media\/807"}],"wp:attachment":[{"href":"https:\/\/sayedwood.com\/es\/wp-json\/wp\/v2\/media?parent=806"}],"wp:term":[{"taxonomy":"product_brand","embeddable":true,"href":"https:\/\/sayedwood.com\/es\/wp-json\/wp\/v2\/product_brand?post=806"},{"taxonomy":"product_cat","embeddable":true,"href":"https:\/\/sayedwood.com\/es\/wp-json\/wp\/v2\/product_cat?post=806"},{"taxonomy":"product_tag","embeddable":true,"href":"https:\/\/sayedwood.com\/es\/wp-json\/wp\/v2\/product_tag?post=806"}],"curies":[{"name":"wp","href":"https:\/\/api.w.org\/{rel}","templated":true}]}}