{"id":820,"date":"2025-05-03T10:10:07","date_gmt":"2025-05-03T10:10:07","guid":{"rendered":"https:\/\/sayedwood.com\/?post_type=product&#038;p=820"},"modified":"2025-05-06T01:52:46","modified_gmt":"2025-05-06T01:52:46","slug":"precio-de-fabrica-pu-rock-panel-de-piedra-de-la-pared-de-poliuretano-artificial-panel-de-piedra-3d-paneles-de-pared","status":"publish","type":"product","link":"https:\/\/sayedwood.com\/es\/product\/precio-de-fabrica-pu-rock-panel-de-piedra-de-la-pared-de-poliuretano-artificial-panel-de-piedra-3d-paneles-de-pared\/","title":{"rendered":"Precio de f\u00e1brica PU Rock Panel Piedra Tablero Artificial Poliuretano Piedra Panel 3D Paneles de pared"},"content":{"rendered":"<p>Piedra de la PU es un nuevo tipo de pared tridimensional y placas decorativas, es un uso de materias primas respetuosas del medio ambiente que es caracter\u00edstica en peso ligero, f\u00e1cil de instalar, realista, fuerte y durable.<\/p>\n<p>El molde del producto est\u00e1 finamente pulido de acuerdo con la piedra real, junto con el tratamiento de proceso especial, y el material real no es diferente, de alta densidad y exquisito, duradero.<\/p>\n<p>El producto est\u00e1 dise\u00f1ado para la estructura interior de la tarjeta, con ranura completa en el lado de la leng\u00fceta y costura reservada. La mayor parte del trabajo no requiere calafateo, y se puede hacer directamente con tornillos y clavos<\/p>\n<p>El producto est\u00e1 hecho de material de pol\u00edmero de alta, y rociado con recubrimiento de alta resistencia de m\u00faltiples capas, sothat que es resistente a los \u00e1cidos, protector solar, resistencia UV, el uso m\u00e1s largo<\/p>\n<p>Gracias al uso de materiales de alta tecnolog\u00eda de peso ligero, los productos han superado pruebas profesionales de impermeabilidad, control de plagas y resistencia al fuego, y pueden aplicarse a casi cualquier sustrato plano seco de interior.<\/p>\n<p>Atributos espec\u00edficos del sector<\/p>\n<p>Funci\u00f3n: antihumedad, antiest\u00e1tica, insonorizante, antimoho, impermeable, ign\u00edfuga, insonorizante, antihumo, aislante t\u00e9rmico.<br \/>\nAplicaci\u00f3n\uff1aHOGAR\/OFICINA\/gimnasio\/casa\/hotel\/centro comercial\/biblioteca<br \/>\nEstilo de dise\u00f1o\uff1aModerno<\/p>\n<p>Otros atributos<\/p>\n<p>Lugar de origen\uff1aGuangdong, China.<br \/>\nServicio posventa\uff1aFormaci\u00f3n in situ, instalaci\u00f3n in situ, piezas de repuesto gratuitas, devoluci\u00f3n y sustituci\u00f3n, inspecci\u00f3n in situ, asistencia t\u00e9cnica en l\u00ednea.<br \/>\nCapacidad de soluci\u00f3n de proyectos\uff1adise\u00f1o gr\u00e1fico<br \/>\nGarant\u00eda\uff1a10 a\u00f1os<br \/>\nUso\uff1aHogar, Administraci\u00f3n<br \/>\nPatr\u00f3n\uff1aBot\u00e1nico<br \/>\nMaterial\uff1aEspuma de poliuretano<br \/>\nPalabras clave\uff1apaneles decorativos de pared, tablero 3d, piedra pu<br \/>\nMOQ\uff1a2 piezas<br \/>\nTama\u00f1o\uff1a1200*600mm<br \/>\nDise\u00f1o\uff1aDise\u00f1o de monta\u00f1a en relieve<br \/>\nColor\uff1aMulticolor<br \/>\nCaracter\u00edstica: Respetuoso con el medio ambiente, saludable, ligero y resistente al desgaste.<br \/>\nServicio de entrega\uff1aSuport Servicio competitivo de transporte mar\u00edtimo<br \/>\nFuction\uff1aImpermeable, piedra artificial Dise\u00f1os, Papel pintado, decoraci\u00f3n de la pared.<\/p>\n<p>Embalaje y entrega<\/p>\n<p>Detalles del embalaje CARTONES CON BOLSAS DE BURBUJAS<\/p>\n<p>Unidades de venta: Art\u00edculo individual<br \/>\nTama\u00f1o del envase individual: 100X100X50 cm<br \/>\nPeso bruto individual: 25.000 kg<br \/>\nCapacidad de suministro<\/p>\n<p>Capacidad de suministro 5000000 metros cuadrados\/metros cuadrados al mes<\/p>\n<p><img fetchpriority=\"high\" decoding=\"async\" class=\"alignnone size-full wp-image-824\" src=\"https:\/\/sayedwood.com\/wp-content\/uploads\/WeChat4c59c8b71c8144ab33ad94748057f149.jpg\" alt=\"\" width=\"780\" height=\"650\" title=\"\" srcset=\"https:\/\/sayedwood.com\/wp-content\/uploads\/WeChat4c59c8b71c8144ab33ad94748057f149.jpg 780w, https:\/\/sayedwood.com\/wp-content\/uploads\/WeChat4c59c8b71c8144ab33ad94748057f149-768x640.jpg 768w, https:\/\/sayedwood.com\/wp-content\/uploads\/WeChat4c59c8b71c8144ab33ad94748057f149-14x12.jpg 14w, https:\/\/sayedwood.com\/wp-content\/uploads\/WeChat4c59c8b71c8144ab33ad94748057f149-600x500.jpg 600w\" sizes=\"(max-width: 780px) 100vw, 780px\" \/> <img decoding=\"async\" class=\"alignnone size-full wp-image-825\" src=\"https:\/\/sayedwood.com\/wp-content\/uploads\/WeChat5c212a62da93fa65dbebe9541ad32d0a.jpg\" alt=\"\" width=\"790\" height=\"958\" title=\"\" srcset=\"https:\/\/sayedwood.com\/wp-content\/uploads\/WeChat5c212a62da93fa65dbebe9541ad32d0a.jpg 790w, https:\/\/sayedwood.com\/wp-content\/uploads\/WeChat5c212a62da93fa65dbebe9541ad32d0a-768x931.jpg 768w, https:\/\/sayedwood.com\/wp-content\/uploads\/WeChat5c212a62da93fa65dbebe9541ad32d0a-10x12.jpg 10w, https:\/\/sayedwood.com\/wp-content\/uploads\/WeChat5c212a62da93fa65dbebe9541ad32d0a-600x728.jpg 600w\" sizes=\"(max-width: 790px) 100vw, 790px\" \/> <img decoding=\"async\" class=\"alignnone size-full wp-image-826\" src=\"https:\/\/sayedwood.com\/wp-content\/uploads\/WeChat88db38410603ad0d8e45d55077d8b0a6.jpg\" alt=\"\" width=\"790\" height=\"1161\" title=\"\" srcset=\"https:\/\/sayedwood.com\/wp-content\/uploads\/WeChat88db38410603ad0d8e45d55077d8b0a6.jpg 790w, https:\/\/sayedwood.com\/wp-content\/uploads\/WeChat88db38410603ad0d8e45d55077d8b0a6-768x1129.jpg 768w, https:\/\/sayedwood.com\/wp-content\/uploads\/WeChat88db38410603ad0d8e45d55077d8b0a6-8x12.jpg 8w, https:\/\/sayedwood.com\/wp-content\/uploads\/WeChat88db38410603ad0d8e45d55077d8b0a6-600x882.jpg 600w\" sizes=\"(max-width: 790px) 100vw, 790px\" \/> <img loading=\"lazy\" decoding=\"async\" class=\"alignnone size-full wp-image-827\" src=\"https:\/\/sayedwood.com\/wp-content\/uploads\/WeChat5669dd0e691aa87c0896e55853b6c863.jpg\" alt=\"\" width=\"790\" height=\"575\" title=\"\" srcset=\"https:\/\/sayedwood.com\/wp-content\/uploads\/WeChat5669dd0e691aa87c0896e55853b6c863.jpg 790w, https:\/\/sayedwood.com\/wp-content\/uploads\/WeChat5669dd0e691aa87c0896e55853b6c863-768x559.jpg 768w, https:\/\/sayedwood.com\/wp-content\/uploads\/WeChat5669dd0e691aa87c0896e55853b6c863-16x12.jpg 16w, https:\/\/sayedwood.com\/wp-content\/uploads\/WeChat5669dd0e691aa87c0896e55853b6c863-600x437.jpg 600w\" sizes=\"(max-width: 790px) 100vw, 790px\" \/> <img loading=\"lazy\" decoding=\"async\" class=\"alignnone size-full wp-image-828\" src=\"https:\/\/sayedwood.com\/wp-content\/uploads\/WeChate09b03a103b7cd3197b28a8e375852fe.jpg\" alt=\"\" width=\"790\" height=\"1813\" title=\"\" srcset=\"https:\/\/sayedwood.com\/wp-content\/uploads\/WeChate09b03a103b7cd3197b28a8e375852fe.jpg 790w, https:\/\/sayedwood.com\/wp-content\/uploads\/WeChate09b03a103b7cd3197b28a8e375852fe-768x1763.jpg 768w, https:\/\/sayedwood.com\/wp-content\/uploads\/WeChate09b03a103b7cd3197b28a8e375852fe-669x1536.jpg 669w, https:\/\/sayedwood.com\/wp-content\/uploads\/WeChate09b03a103b7cd3197b28a8e375852fe-5x12.jpg 5w, https:\/\/sayedwood.com\/wp-content\/uploads\/WeChate09b03a103b7cd3197b28a8e375852fe-600x1377.jpg 600w\" sizes=\"(max-width: 790px) 100vw, 790px\" \/> <img loading=\"lazy\" decoding=\"async\" class=\"alignnone size-full wp-image-829\" src=\"https:\/\/sayedwood.com\/wp-content\/uploads\/WeChate6180d21359f0b8f0f75143da45cd401.jpg\" alt=\"\" width=\"780\" height=\"1571\" title=\"\" srcset=\"https:\/\/sayedwood.com\/wp-content\/uploads\/WeChate6180d21359f0b8f0f75143da45cd401.jpg 780w, https:\/\/sayedwood.com\/wp-content\/uploads\/WeChate6180d21359f0b8f0f75143da45cd401-768x1547.jpg 768w, https:\/\/sayedwood.com\/wp-content\/uploads\/WeChate6180d21359f0b8f0f75143da45cd401-763x1536.jpg 763w, https:\/\/sayedwood.com\/wp-content\/uploads\/WeChate6180d21359f0b8f0f75143da45cd401-6x12.jpg 6w, https:\/\/sayedwood.com\/wp-content\/uploads\/WeChate6180d21359f0b8f0f75143da45cd401-600x1208.jpg 600w\" sizes=\"(max-width: 780px) 100vw, 780px\" \/><\/p>\n<p>&nbsp;<\/p>\n<p>&nbsp;<\/p>","protected":false},"excerpt":{"rendered":"<p>Piedra de la PU es un nuevo tipo de pared tridimensional y placas decorativas, es un uso de materias primas respetuosas del medio ambiente que es caracter\u00edstica en peso ligero, f\u00e1cil de instalar, realista, fuerte y durable.<\/p>","protected":false},"featured_media":833,"template":"","meta":{"site-sidebar-layout":"default","site-content-layout":"","ast-site-content-layout":"default","site-content-style":"default","site-sidebar-style":"default","ast-global-header-display":"","ast-banner-title-visibility":"","ast-main-header-display":"","ast-hfb-above-header-display":"","ast-hfb-below-header-display":"","ast-hfb-mobile-header-display":"","site-post-title":"","ast-breadcrumbs-content":"","ast-featured-img":"","footer-sml-layout":"","ast-disable-related-posts":"","theme-transparent-header-meta":"default","adv-header-id-meta":"","stick-header-meta":"default","header-above-stick-meta":"","header-main-stick-meta":"","header-below-stick-meta":"","astra-migrate-meta-layouts":"set","ast-page-background-enabled":"default","ast-page-background-meta":{"desktop":{"background-color":"var(--ast-global-color-5)","background-image":"","background-repeat":"repeat","background-position":"center center","background-size":"auto","background-attachment":"scroll","background-type":"","background-media":"","overlay-type":"","overlay-color":"","overlay-opacity":"","overlay-gradient":""},"tablet":{"background-color":"","background-image":"","background-repeat":"repeat","background-position":"center center","background-size":"auto","background-attachment":"scroll","background-type":"","background-media":"","overlay-type":"","overlay-color":"","overlay-opacity":"","overlay-gradient":""},"mobile":{"background-color":"","background-image":"","background-repeat":"repeat","background-position":"center center","background-size":"auto","background-attachment":"scroll","background-type":"","background-media":"","overlay-type":"","overlay-color":"","overlay-opacity":"","overlay-gradient":""}},"ast-content-background-meta":{"desktop":{"background-color":"var(--ast-global-color-4)","background-image":"","background-repeat":"repeat","background-position":"center center","background-size":"auto","background-attachment":"scroll","background-type":"","background-media":"","overlay-type":"","overlay-color":"","overlay-opacity":"","overlay-gradient":""},"tablet":{"background-color":"var(--ast-global-color-4)","background-image":"","background-repeat":"repeat","background-position":"center center","background-size":"auto","background-attachment":"scroll","background-type":"","background-media":"","overlay-type":"","overlay-color":"","overlay-opacity":"","overlay-gradient":""},"mobile":{"background-color":"var(--ast-global-color-4)","background-image":"","background-repeat":"repeat","background-position":"center center","background-size":"auto","background-attachment":"scroll","background-type":"","background-media":"","overlay-type":"","overlay-color":"","overlay-opacity":"","overlay-gradient":""}}},"product_brand":[],"product_cat":[64],"product_tag":[],"class_list":{"0":"post-820","1":"product","2":"type-product","3":"status-publish","4":"has-post-thumbnail","6":"product_cat-wall-panels","7":"desktop-align-left","8":"tablet-align-left","9":"mobile-align-left","10":"ast-col-sm-12","11":"ast-article-post","12":"remove-featured-img-padding","13":"ast-width-md-4","14":"ast-archive-post","15":"ast-separate-posts","17":"first","18":"instock","19":"shipping-taxable","20":"product-type-simple"},"_links":{"self":[{"href":"https:\/\/sayedwood.com\/es\/wp-json\/wp\/v2\/product\/820","targetHints":{"allow":["GET"]}}],"collection":[{"href":"https:\/\/sayedwood.com\/es\/wp-json\/wp\/v2\/product"}],"about":[{"href":"https:\/\/sayedwood.com\/es\/wp-json\/wp\/v2\/types\/product"}],"version-history":[{"count":3,"href":"https:\/\/sayedwood.com\/es\/wp-json\/wp\/v2\/product\/820\/revisions"}],"predecessor-version":[{"id":839,"href":"https:\/\/sayedwood.com\/es\/wp-json\/wp\/v2\/product\/820\/revisions\/839"}],"wp:featuredmedia":[{"embeddable":true,"href":"https:\/\/sayedwood.com\/es\/wp-json\/wp\/v2\/media\/833"}],"wp:attachment":[{"href":"https:\/\/sayedwood.com\/es\/wp-json\/wp\/v2\/media?parent=820"}],"wp:term":[{"taxonomy":"product_brand","embeddable":true,"href":"https:\/\/sayedwood.com\/es\/wp-json\/wp\/v2\/product_brand?post=820"},{"taxonomy":"product_cat","embeddable":true,"href":"https:\/\/sayedwood.com\/es\/wp-json\/wp\/v2\/product_cat?post=820"},{"taxonomy":"product_tag","embeddable":true,"href":"https:\/\/sayedwood.com\/es\/wp-json\/wp\/v2\/product_tag?post=820"}],"curies":[{"name":"wp","href":"https:\/\/api.w.org\/{rel}","templated":true}]}}