{"id":894,"date":"2025-05-04T01:37:06","date_gmt":"2025-05-04T01:37:06","guid":{"rendered":"https:\/\/sayedwood.com\/?post_type=product&#038;p=894"},"modified":"2025-05-06T01:52:35","modified_gmt":"2025-05-06T01:52:35","slug":"100-impermeable-4mm-5mm-vinilo-spc-suelo-tablon","status":"publish","type":"product","link":"https:\/\/sayedwood.com\/es\/product\/100-impermeable-4mm-5mm-vinilo-spc-suelo-tablon\/","title":{"rendered":"100% Impermeable 4mm 5mm Vinilo SPC Pisos Tabl\u00f3n"},"content":{"rendered":"<p>Los suelos de vinilo Stone Plastic Composite son cada vez m\u00e1s populares entre los suelos de vinilo ecol\u00f3gicos. Los suelos r\u00edgidos SPC se distinguen de otros tipos de suelos de vinilo por su capa central de resistencia \u00fanica. Este n\u00facleo est\u00e1 hecho de una combinaci\u00f3n de polvo de piedra caliza natural, cloruro de polivinilo y algunos estabilizadores.<br \/>\nEl vinilo SPC es una opci\u00f3n de suelo de vinilo de lujo con un n\u00facleo impermeable 100% estructuralmente r\u00edgido. SPC tambi\u00e9n se conoce como vinilo de n\u00facleo r\u00edgido, y utilizamos estos t\u00e9rminos indistintamente. Los suelos de vinilo de n\u00facleo r\u00edgido est\u00e1n dise\u00f1ados para parecerse a la madera o la piedra, pero requieren menos mantenimiento.<\/p>\n<p>Este suelo es duradero, impermeable y perfecto para la instalaci\u00f3n de bricolaje. Es ideal tanto para el hogar como para zonas comerciales.<\/p>\n<p>&nbsp;<\/p>\n<p><img fetchpriority=\"high\" decoding=\"async\" class=\"alignnone size-full wp-image-895\" src=\"https:\/\/sayedwood.com\/wp-content\/uploads\/FIOOR1-1.jpg\" alt=\"\" width=\"680\" height=\"376\" title=\"\" srcset=\"https:\/\/sayedwood.com\/wp-content\/uploads\/FIOOR1-1.jpg 680w, https:\/\/sayedwood.com\/wp-content\/uploads\/FIOOR1-1-18x10.jpg 18w, https:\/\/sayedwood.com\/wp-content\/uploads\/FIOOR1-1-600x332.jpg 600w\" sizes=\"(max-width: 680px) 100vw, 680px\" \/> <img decoding=\"async\" class=\"alignnone size-full wp-image-896\" src=\"https:\/\/sayedwood.com\/wp-content\/uploads\/FIOOR1-2.jpg\" alt=\"\" width=\"750\" height=\"1020\" title=\"\" srcset=\"https:\/\/sayedwood.com\/wp-content\/uploads\/FIOOR1-2.jpg 750w, https:\/\/sayedwood.com\/wp-content\/uploads\/FIOOR1-2-9x12.jpg 9w, https:\/\/sayedwood.com\/wp-content\/uploads\/FIOOR1-2-600x816.jpg 600w\" sizes=\"(max-width: 750px) 100vw, 750px\" \/> <img decoding=\"async\" class=\"alignnone size-full wp-image-897\" src=\"https:\/\/sayedwood.com\/wp-content\/uploads\/FIOOR1-3.jpg\" alt=\"\" width=\"750\" height=\"888\" title=\"\" srcset=\"https:\/\/sayedwood.com\/wp-content\/uploads\/FIOOR1-3.jpg 750w, https:\/\/sayedwood.com\/wp-content\/uploads\/FIOOR1-3-10x12.jpg 10w, https:\/\/sayedwood.com\/wp-content\/uploads\/FIOOR1-3-600x710.jpg 600w\" sizes=\"(max-width: 750px) 100vw, 750px\" \/> <img loading=\"lazy\" decoding=\"async\" class=\"alignnone size-full wp-image-898\" src=\"https:\/\/sayedwood.com\/wp-content\/uploads\/FIOOR1-4.jpg\" alt=\"\" width=\"750\" height=\"1244\" title=\"\" srcset=\"https:\/\/sayedwood.com\/wp-content\/uploads\/FIOOR1-4.jpg 750w, https:\/\/sayedwood.com\/wp-content\/uploads\/FIOOR1-4-7x12.jpg 7w, https:\/\/sayedwood.com\/wp-content\/uploads\/FIOOR1-4-600x995.jpg 600w\" sizes=\"(max-width: 750px) 100vw, 750px\" \/> <img loading=\"lazy\" decoding=\"async\" class=\"alignnone size-full wp-image-899\" src=\"https:\/\/sayedwood.com\/wp-content\/uploads\/FIOOR1-5.jpg\" alt=\"\" width=\"954\" height=\"664\" title=\"\" srcset=\"https:\/\/sayedwood.com\/wp-content\/uploads\/FIOOR1-5.jpg 954w, https:\/\/sayedwood.com\/wp-content\/uploads\/FIOOR1-5-768x535.jpg 768w, https:\/\/sayedwood.com\/wp-content\/uploads\/FIOOR1-5-18x12.jpg 18w, https:\/\/sayedwood.com\/wp-content\/uploads\/FIOOR1-5-600x418.jpg 600w\" sizes=\"(max-width: 954px) 100vw, 954px\" \/> <img loading=\"lazy\" decoding=\"async\" class=\"alignnone size-full wp-image-900\" src=\"https:\/\/sayedwood.com\/wp-content\/uploads\/FIOOR1-6.jpg\" alt=\"\" width=\"750\" height=\"820\" title=\"\" srcset=\"https:\/\/sayedwood.com\/wp-content\/uploads\/FIOOR1-6.jpg 750w, https:\/\/sayedwood.com\/wp-content\/uploads\/FIOOR1-6-11x12.jpg 11w, https:\/\/sayedwood.com\/wp-content\/uploads\/FIOOR1-6-600x656.jpg 600w\" sizes=\"(max-width: 750px) 100vw, 750px\" \/> <img loading=\"lazy\" decoding=\"async\" class=\"alignnone size-full wp-image-901\" src=\"https:\/\/sayedwood.com\/wp-content\/uploads\/FIOOR1-7.jpg\" alt=\"\" width=\"750\" height=\"749\" title=\"\" srcset=\"https:\/\/sayedwood.com\/wp-content\/uploads\/FIOOR1-7.jpg 750w, https:\/\/sayedwood.com\/wp-content\/uploads\/FIOOR1-7-12x12.jpg 12w, https:\/\/sayedwood.com\/wp-content\/uploads\/FIOOR1-7-300x300.jpg 300w, https:\/\/sayedwood.com\/wp-content\/uploads\/FIOOR1-7-600x599.jpg 600w, https:\/\/sayedwood.com\/wp-content\/uploads\/FIOOR1-7-100x100.jpg 100w\" sizes=\"(max-width: 750px) 100vw, 750px\" \/> <img loading=\"lazy\" decoding=\"async\" class=\"alignnone size-full wp-image-902\" src=\"https:\/\/sayedwood.com\/wp-content\/uploads\/FIOOR1-8.jpg\" alt=\"\" width=\"750\" height=\"1390\" title=\"\" srcset=\"https:\/\/sayedwood.com\/wp-content\/uploads\/FIOOR1-8.jpg 750w, https:\/\/sayedwood.com\/wp-content\/uploads\/FIOOR1-8-6x12.jpg 6w, https:\/\/sayedwood.com\/wp-content\/uploads\/FIOOR1-8-600x1112.jpg 600w\" sizes=\"(max-width: 750px) 100vw, 750px\" \/> <img loading=\"lazy\" decoding=\"async\" class=\"alignnone size-full wp-image-903\" src=\"https:\/\/sayedwood.com\/wp-content\/uploads\/FIOOR1-9.jpg\" alt=\"\" width=\"750\" height=\"1424\" title=\"\" srcset=\"https:\/\/sayedwood.com\/wp-content\/uploads\/FIOOR1-9.jpg 750w, https:\/\/sayedwood.com\/wp-content\/uploads\/FIOOR1-9-6x12.jpg 6w, https:\/\/sayedwood.com\/wp-content\/uploads\/FIOOR1-9-600x1139.jpg 600w\" sizes=\"(max-width: 750px) 100vw, 750px\" \/> <img loading=\"lazy\" decoding=\"async\" class=\"alignnone size-full wp-image-904\" src=\"https:\/\/sayedwood.com\/wp-content\/uploads\/FIOOR1-10.jpg\" alt=\"\" width=\"750\" height=\"728\" title=\"\" srcset=\"https:\/\/sayedwood.com\/wp-content\/uploads\/FIOOR1-10.jpg 750w, https:\/\/sayedwood.com\/wp-content\/uploads\/FIOOR1-10-12x12.jpg 12w, https:\/\/sayedwood.com\/wp-content\/uploads\/FIOOR1-10-600x582.jpg 600w\" sizes=\"(max-width: 750px) 100vw, 750px\" \/><\/p>","protected":false},"excerpt":{"rendered":"<p>Los suelos de vinilo Stone Plastic Composite son cada vez m\u00e1s populares entre los suelos de vinilo ecol\u00f3gicos. Los suelos r\u00edgidos SPC se distinguen de otros tipos de suelos de vinilo por su capa central de resistencia \u00fanica. Este n\u00facleo est\u00e1 hecho de una combinaci\u00f3n de polvo de piedra caliza natural, cloruro de polivinilo y algunos estabilizadores.<\/p>","protected":false},"featured_media":907,"template":"","meta":{"site-sidebar-layout":"default","site-content-layout":"","ast-site-content-layout":"default","site-content-style":"default","site-sidebar-style":"default","ast-global-header-display":"","ast-banner-title-visibility":"","ast-main-header-display":"","ast-hfb-above-header-display":"","ast-hfb-below-header-display":"","ast-hfb-mobile-header-display":"","site-post-title":"","ast-breadcrumbs-content":"","ast-featured-img":"","footer-sml-layout":"","ast-disable-related-posts":"","theme-transparent-header-meta":"default","adv-header-id-meta":"","stick-header-meta":"default","header-above-stick-meta":"","header-main-stick-meta":"","header-below-stick-meta":"","astra-migrate-meta-layouts":"set","ast-page-background-enabled":"default","ast-page-background-meta":{"desktop":{"background-color":"var(--ast-global-color-5)","background-image":"","background-repeat":"repeat","background-position":"center center","background-size":"auto","background-attachment":"scroll","background-type":"","background-media":"","overlay-type":"","overlay-color":"","overlay-opacity":"","overlay-gradient":""},"tablet":{"background-color":"","background-image":"","background-repeat":"repeat","background-position":"center center","background-size":"auto","background-attachment":"scroll","background-type":"","background-media":"","overlay-type":"","overlay-color":"","overlay-opacity":"","overlay-gradient":""},"mobile":{"background-color":"","background-image":"","background-repeat":"repeat","background-position":"center center","background-size":"auto","background-attachment":"scroll","background-type":"","background-media":"","overlay-type":"","overlay-color":"","overlay-opacity":"","overlay-gradient":""}},"ast-content-background-meta":{"desktop":{"background-color":"var(--ast-global-color-4)","background-image":"","background-repeat":"repeat","background-position":"center center","background-size":"auto","background-attachment":"scroll","background-type":"","background-media":"","overlay-type":"","overlay-color":"","overlay-opacity":"","overlay-gradient":""},"tablet":{"background-color":"var(--ast-global-color-4)","background-image":"","background-repeat":"repeat","background-position":"center center","background-size":"auto","background-attachment":"scroll","background-type":"","background-media":"","overlay-type":"","overlay-color":"","overlay-opacity":"","overlay-gradient":""},"mobile":{"background-color":"var(--ast-global-color-4)","background-image":"","background-repeat":"repeat","background-position":"center center","background-size":"auto","background-attachment":"scroll","background-type":"","background-media":"","overlay-type":"","overlay-color":"","overlay-opacity":"","overlay-gradient":""}}},"product_brand":[],"product_cat":[65],"product_tag":[],"class_list":{"0":"post-894","1":"product","2":"type-product","3":"status-publish","4":"has-post-thumbnail","6":"product_cat-floor","7":"desktop-align-left","8":"tablet-align-left","9":"mobile-align-left","10":"ast-col-sm-12","11":"ast-article-post","12":"remove-featured-img-padding","13":"ast-width-md-4","14":"ast-archive-post","15":"ast-separate-posts","17":"first","18":"instock","19":"shipping-taxable","20":"product-type-simple"},"_links":{"self":[{"href":"https:\/\/sayedwood.com\/es\/wp-json\/wp\/v2\/product\/894","targetHints":{"allow":["GET"]}}],"collection":[{"href":"https:\/\/sayedwood.com\/es\/wp-json\/wp\/v2\/product"}],"about":[{"href":"https:\/\/sayedwood.com\/es\/wp-json\/wp\/v2\/types\/product"}],"version-history":[{"count":2,"href":"https:\/\/sayedwood.com\/es\/wp-json\/wp\/v2\/product\/894\/revisions"}],"predecessor-version":[{"id":1320,"href":"https:\/\/sayedwood.com\/es\/wp-json\/wp\/v2\/product\/894\/revisions\/1320"}],"wp:featuredmedia":[{"embeddable":true,"href":"https:\/\/sayedwood.com\/es\/wp-json\/wp\/v2\/media\/907"}],"wp:attachment":[{"href":"https:\/\/sayedwood.com\/es\/wp-json\/wp\/v2\/media?parent=894"}],"wp:term":[{"taxonomy":"product_brand","embeddable":true,"href":"https:\/\/sayedwood.com\/es\/wp-json\/wp\/v2\/product_brand?post=894"},{"taxonomy":"product_cat","embeddable":true,"href":"https:\/\/sayedwood.com\/es\/wp-json\/wp\/v2\/product_cat?post=894"},{"taxonomy":"product_tag","embeddable":true,"href":"https:\/\/sayedwood.com\/es\/wp-json\/wp\/v2\/product_tag?post=894"}],"curies":[{"name":"wp","href":"https:\/\/api.w.org\/{rel}","templated":true}]}}